{"id":206,"date":"2018-10-22T10:25:46","date_gmt":"2018-10-22T12:25:46","guid":{"rendered":"http:\/\/sousurdosim.com.br\/?page_id=206"},"modified":"2023-01-27T14:13:41","modified_gmt":"2023-01-27T17:13:41","slug":"a-surdez-e-a-religiosidade","status":"publish","type":"page","link":"https:\/\/sousurdosim.com.br\/index.php\/a-surdez\/a-surdez-e-a-religiosidade\/","title":{"rendered":"Surdez, f\u00e9 e religiosidade"},"content":{"rendered":"\n<p><\/p>\n\n\n\n<p class=\"has-text-align-left\">Ol\u00e1, pessoal! Aqui estou eu novamente e depois de um longo tempo sem escrever no meu blog. Por primeiro, gostaria de agradecer aos meus leitores que desde meus primeiros escritos, s\u00e3o fi\u00e9is aos meus relatos por aqui. Como voc\u00eas sabem, o objetivo deste blog \u00e9 educacional, n\u00e3o \u00e9 instrucional. Voc\u00eas n\u00e3o v\u00e3o encontrar por aqui, receitas, caminhos a serem percorridos, dando-lhes por certeza o destino ou resultado que encontrei. Mas muito do que houve comigo, do que acontece e ainda vir\u00e1 a acontecer, quase sempre \u00e9 de alguma forma, vivenciado tamb\u00e9m por outros tantos surdos e suas fam\u00edlias. Da\u00ed ser pertinente estar aqui vos relatando para que muitos equ\u00edvocos sejam atenuados, como esse de agora que vos escrevo sobre surdez, f\u00e9 e religiosidade.<\/p>\n\n\n\n<p>Eu sempre fui engajado na minha religi\u00e3o. Sou cat\u00f3lico, mas um que realmente servia\/serve dentro da igreja. Fiz primeira-comunh\u00e3o, crisma, participei de grupos de jovens e descobri meu dom e talento pela m\u00fasica. Passei a integrar grupos musicais da igreja como o amado CSC &#8211; Coral Santa Cec\u00edlia, que por primeiro me acolheu e acreditou no meu talento. Depois fiz parte do Grupo C\u00edtara, na par\u00f3quia de Santa Ana, onde tamb\u00e9m fui acolhido e al\u00e9m de compositor e vocalista, era o coordenador do grupo. Claro que nessa \u00e9poca eu ainda n\u00e3o era surdo.<\/p>\n\n\n\n<p>Quando comecei a ficar completamente surdo, j\u00e1 quase perdendo totalmente a audi\u00e7\u00e3o direita, comecei a ficar muito abalado, era o come\u00e7o de uma depress\u00e3o. Eu n\u00e3o aceitava estar ficando surdo. Mil coisas &#8211; para n\u00e3o usar a palavra preconceito &#8211; se passavam em minha cabe\u00e7a, como j\u00e1 relatei em outras abas desse blog, do tipo de achar que estar surdo era uma senten\u00e7a de morte, como eu ia viver assim? Como iria trabalhar, namorar, casar, proteger a mim e minha fam\u00edlia, como voltaria a dirigir o meu carro, a interagir com minha fam\u00edlia e amigos? Foi um misto de preconceitos e medos que por serem muitos, transbordou numa depress\u00e3o. Mas mesmo sem muita for\u00e7a, me apeguei \u00e0 minha religiosidade. Passei a frequentar grupos de ora\u00e7\u00e3o, ter\u00e7os de cura e liberta\u00e7\u00e3o e toda noite rezava o mesmo ter\u00e7o sozinho no quarto. V\u00e1rias pessoas, dentro da igreja, como em minha fam\u00edlia, passaram a me mostrar trechos da B\u00edblia com passagens onde Cristo cura surdos. No in\u00edcio aquilo me impulsionava a rezar ainda mais e assim como aquele surdo do Efat\u00e1, pedir com toda minha for\u00e7a para que meus ouvidos se abrissem tamb\u00e9m.<\/p>\n\n\n\n<p>Durante um bom tempo, dentro da minha religi\u00e3o e da minha religiosidade, eu era impulsionado a correr atr\u00e1s de um milagre, que seria uma cura, voltar a ouvir. Qual fosse a igreja e grupo de ora\u00e7\u00e3o, l\u00e1 eu estava clamando por esse milagre e persuadido a continuar me matando aos poucos, porque \u201cse Cristo curou um surdo, ele pode te curar\u201d, mas voc\u00ea precisa ter f\u00e9. Matando-me aos poucos porque concentrava todas as minhas for\u00e7as em busca desse milagre e me anulava, n\u00e3o aceitava a minha nova condi\u00e7\u00e3o e nem queria entend\u00ea-la. Ent\u00e3o toda vez que eu sa\u00eda da igreja e n\u00e3o voltava para casa curado, era porque eu n\u00e3o tinha f\u00e9 o suficiente e me cobrava por isso, como um autoflagelo. Eu estava morrendo aos poucos, cobrava de Deus o milagre, quando dei por mim, j\u00e1 n\u00e3o era mais ora\u00e7\u00e3o e pedido, era como se eu quisesse obrigar a Deus me curar. Eu tinha inveja dos das pessoas que em seus testemunhos tinham sido curadas, segundo elas. Por que elas e eu n\u00e3o? Por que elas s\u00e3o melhores do que eu? Ser\u00e1 se eu era t\u00e3o pecador assim, ao ponto de n\u00e3o merecer esse Efat\u00e1?<\/p>\n\n\n\n<p>Aqui fora, o mundo \u00e9 altamente preconceituoso e opressor contra as diferen\u00e7as, n\u00f3s surdos sofremos in\u00fameras discrimina\u00e7\u00f5es por n\u00e3o fazermos parte daquilo que chamamos de \u201cmaioria lingu\u00edstica\u201d, somos uma minoria lingu\u00edstica e h\u00e1 muito sofrimento para que leis sejam respeitadas e nossos direitos venham a nos ajudar. \u00c9 uma guerra que travamos diuturnamente com o meio social que domina uma l\u00edngua e cultura diferente da nossa. Ent\u00e3o, ao vivenciarmos nossa f\u00e9 e religiosidade, buscamos um acalento, de certa forma, buscamos nos refastelar, um lugar que nos acolha. E esse lugar deveria ser a nossa igreja. Mas infelizmente, algumas lideran\u00e7as religiosas e leigos religiosos sem que percebessem, dentro da igreja me oprimiam tamb\u00e9m, quando pregavam\/pregam ao dizer, at\u00e9 por vezes usando de eufemismos, que Cristo abre os ouvidos e se o meu continua fechado ou n\u00e3o sou merecedor desse milagre ou minha f\u00e9 \u00e9 pequena. N\u00e3o mostravam que mesmo de ouvidos fechados, Cristo pode falar ao meu cora\u00e7\u00e3o e me acolher do jeito que sou, surdo.<\/p>\n\n\n\n<p>Vejam bem, n\u00e3o estou dizendo que Cristo Jesus n\u00e3o possa obrar esse milagre, o X da quest\u00e3o n\u00e3o \u00e9 esse, tenho f\u00e9 e acredito em milagres, tanto que afirmo sem medo algum que o milagre aconteceu, n\u00e3o o de eu voltar a ouvir, mas de aceitar minha nova condi\u00e7\u00e3o e perceber todos os impasses pol\u00edticos, sociais e ideol\u00f3gicos em torno da surdez e lutar em favor de dias melhores para as pessoas surdas, como eu.<\/p>\n\n\n\n<p>Quantas vezes voc\u00eas viram surdos participando da missa, por aqui na minha cidade de Parna\u00edba \u2013 PI? Lembram l\u00e1 quando eu falei que sempre fui engajado na igreja e era ouvinte? Mas nunca tive contato com surdos na minha igreja. Nunca presenciei um surdo sentado ali do meu lado e um int\u00e9rprete l\u00e1 na frente. Onde eles estavam esse tempo todo? Quando deixei de buscar o milagre que me afligia e aceitei o milagre que o pr\u00f3prio Cristo tinha para mim, o de abrir o cora\u00e7\u00e3o e desconstruir in\u00fameros preconceitos, passei a me aceitar e a compreender que aquela era minha nova miss\u00e3o, a de tentar trazer mais surdos para a igreja, no sentido de que se antes n\u00e3o estavam presentes por falta de acessibilidade, por falta de reflex\u00e3o no \u00e2mbito da igreja para acolher o surdo em sua totalidade, cultura e l\u00edngua, como in\u00fameras vezes eu n\u00e3o era aceito depois de ser e estar surdo, agora eu deveria lutar para que isso venha a acontecer. E sem que desse por mim, depois de todo o processo de aceite, eu j\u00e1 era o coordenador da Pastoral do surdo na minha cidade e o projeto de uma igreja tamb\u00e9m para os surdos, era carinhosamente abra\u00e7ado por nosso Bispo Dom Juarez, um dos idealizadores do atual curso de especializa\u00e7\u00e3o e extens\u00e3o em Catequese inclusiva com \u00eanfase na surdez e na libras, o qual fui convidado para coordenar.<\/p>\n\n\n\n<p>N\u00e3o quero ser exemplo de m\u00e1rtir, a ideia n\u00e3o \u00e9 essa, n\u00e3o \u00e9 romantizar o sofrimento e sacraliza-lo, \u00e9 tomar consci\u00eancia e posse de minha nova condi\u00e7\u00e3o e perceber todas as mazelas que um sistema altamente preconceituoso imp\u00f5e sobre n\u00f3s e n\u00e3o as aceitar. O objetivo \u00e9 uma igreja com surdos conscientes da sua f\u00e9, do seu ser, agir e existir e que o outro surdo veja que isso \u00e9 poss\u00edvel e que o pr\u00f3prio Cristo pode ecoar em nossos cora\u00e7\u00f5es e por meio da l\u00edngua de sinais, a promessa de justi\u00e7a e paz.<\/p>\n\n\n\n<p>Hoje, \u00e9 mais f\u00e1cil de ser encontrado um surdo na igreja cat\u00f3lica de Parna\u00edba, fazendo catequese, em busca do matrim\u00f4nio, do batismo, do que antes. Claro que muito ainda precisa ser feito e ainda sou muito falho na minha miss\u00e3o. Mas pe\u00e7o a Deus for\u00e7as para que mesmo fraquejando, eu n\u00e3o venha a desistir.<\/p>\n\n\n\n<p>Ent\u00e3o \u00e9 isso meu povo, aqui termino meu relato da aba Surdez, f\u00e9 e religiosidade. Espero que algo que relatei vos sirva para algum aprendizado. Estou aberto para coment\u00e1rios e reflex\u00f5es sobre esta postagem. Abra\u00e7o em todos!<\/p>\n","protected":false},"excerpt":{"rendered":"<p>Ol\u00e1, pessoal! Aqui estou eu novamente e depois de um longo tempo sem escrever no meu blog. Por primeiro, gostaria de agradecer aos meus leitores que desde meus primeiros escritos, s\u00e3o fi\u00e9is aos meus relatos por aqui. Como voc\u00eas sabem, o objetivo deste blog \u00e9 educacional, n\u00e3o \u00e9 instrucional. Voc\u00eas n\u00e3o v\u00e3o encontrar por aqui, &#8230; <a title=\"Surdez, f\u00e9 e religiosidade\" class=\"read-more\" href=\"https:\/\/sousurdosim.com.br\/index.php\/a-surdez\/a-surdez-e-a-religiosidade\/\" aria-label=\"Read more about Surdez, f\u00e9 e religiosidade\">Read more<\/a><\/p>\n","protected":false},"author":1,"featured_media":0,"parent":85,"menu_order":0,"comment_status":"closed","ping_status":"closed","template":"","meta":{"footnotes":""},"_links":{"self":[{"href":"https:\/\/sousurdosim.com.br\/index.php\/wp-json\/wp\/v2\/pages\/206"}],"collection":[{"href":"https:\/\/sousurdosim.com.br\/index.php\/wp-json\/wp\/v2\/pages"}],"about":[{"href":"https:\/\/sousurdosim.com.br\/index.php\/wp-json\/wp\/v2\/types\/page"}],"author":[{"embeddable":true,"href":"https:\/\/sousurdosim.com.br\/index.php\/wp-json\/wp\/v2\/users\/1"}],"replies":[{"embeddable":true,"href":"https:\/\/sousurdosim.com.br\/index.php\/wp-json\/wp\/v2\/comments?post=206"}],"version-history":[{"count":3,"href":"https:\/\/sousurdosim.com.br\/index.php\/wp-json\/wp\/v2\/pages\/206\/revisions"}],"predecessor-version":[{"id":437,"href":"https:\/\/sousurdosim.com.br\/index.php\/wp-json\/wp\/v2\/pages\/206\/revisions\/437"}],"up":[{"embeddable":true,"href":"https:\/\/sousurdosim.com.br\/index.php\/wp-json\/wp\/v2\/pages\/85"}],"wp:attachment":[{"href":"https:\/\/sousurdosim.com.br\/index.php\/wp-json\/wp\/v2\/media?parent=206"}],"curies":[{"name":"wp","href":"https:\/\/api.w.org\/{rel}","templated":true}]}}