{"id":264,"date":"2018-10-24T10:50:46","date_gmt":"2018-10-24T12:50:46","guid":{"rendered":"http:\/\/sousurdosim.com.br\/?page_id=264"},"modified":"2018-10-27T16:42:43","modified_gmt":"2018-10-27T18:42:43","slug":"parte-iii","status":"publish","type":"page","link":"https:\/\/sousurdosim.com.br\/index.php\/a-surdez\/descobrindo-a-surdez-diagnostico\/parte-iii\/","title":{"rendered":"PARTE III"},"content":{"rendered":"<p><strong>PARTE III<\/strong><\/p>\n<p>&nbsp;<\/p>\n<p><img loading=\"lazy\" decoding=\"async\" class=\"alignnone size-medium wp-image-283\" src=\"http:\/\/sousurdosim.com.br\/wp-content\/uploads\/2018\/10\/radioci-2-300x157.jpg\" alt=\"\" width=\"300\" height=\"157\" srcset=\"https:\/\/sousurdosim.com.br\/wp-content\/uploads\/2018\/10\/radioci-2-300x157.jpg 300w, https:\/\/sousurdosim.com.br\/wp-content\/uploads\/2018\/10\/radioci-2.jpg 600w\" sizes=\"(max-width: 300px) 100vw, 300px\" \/><\/p>\n<p>Finalizei a <strong>PARTE II<\/strong> comentando que com 15 dias do meu retorno para minha cidade, perdi completamente a audi\u00e7\u00e3o direita e logo resolvemos retornar \u00e0 capital. Antes, minha m\u00e3e conseguiu o nome e contato de outro neurocirurgi\u00e3o. N\u00e3o fazia mais nexo algum voltarmos ao que por \u00faltimo nos atendeu pois, mesmo com tanta fama, ficamos decepcionados com o atendimento e, principalmente pelo fato de eu ter perdido a audi\u00e7\u00e3o, o que ele n\u00e3o havia nos alertado, presumido, sei l\u00e1! Mas naquele instante, eu n\u00e3o queria mais incertezas, eu buscava solu\u00e7\u00f5es. L\u00e1, o m\u00e9dico que procuramos, reviu os exames e disse o mesmo que os demais, sobre n\u00e3o caber procedimentos cir\u00fargicos e os mesmos motivos, mas sugeriu uma alternativa: a radiocirurgia. (clique no link para saber mais sobre radiocirurgia:<a href=\"http:\/\/angioma.org\/pages.aspx?content=168&amp;id=240\">http:\/\/angioma.org\/pages.aspx?content=168&amp;id=240<\/a>\u00a0). Ainda muito abalado, e cheio de incertezas e por nunca ter ouvido falar nesse procedimento, o medo me consumia. Ele tentou explicar que era um procedimento muito usado em tratamentos oncol\u00f3gicos, um feixe de radia\u00e7\u00e3o emitido exatamente sobre o mini-tumor (benigno, no meu caso) que atrapalhava minha audi\u00e7\u00e3o. Ele indicou tamb\u00e9m o nome do m\u00e9dico especialista para que o procur\u00e1ssemos e assim fomos.<\/p>\n<p>Gostaria de ressaltar que neste momento eu n\u00e3o era o \u00fanico a estar fortemente abalado com todo o acontecido. Minha m\u00e3e e irm\u00e3o tamb\u00e9m estavam, muito embora tentassem me passar fortaleza. Ao conversarmos com este outro especialista, o qual notou nosso des\u00e2nimo, tristeza e impaci\u00eancia por solu\u00e7\u00f5es, ele nos falou que o procedimento poderia ser feito pelo SUS. E foi logo avisando, para algu\u00e9m que estava definhando psicologicamente e lutava por solu\u00e7\u00f5es emergentes, que pelo SUS iria demorar muito. Mas \u201cbrilhantemente\u201d, visto \u00e0 minha pressa por buscar a cura, nos deu a solu\u00e7\u00e3o de fazer o tratamento particular. Como o que estava causando minha perda auditiva era nos dois ouvidos, o que chamamos de \u201cbilateral\u201d, o especialista sugeriu fazer o procedimento nos dois ouvidos e nos daria um desconto. Pegou um papel, uma caneta e a calculadora e no final nos apresentou valores entorno de R$15.000 (quinze mil reais) \u00e0 vista. Parcelado era maior. Esse valor, hoje j\u00e1 n\u00e3o \u00e9 t\u00e3o baixo. Imaginem 4 anos atr\u00e1s! Ficamos \u201centre a cruz e a espada\u201d, mas aceitamos a proposta do pagamento \u00e0 vista. Diante de toda a press\u00e3o psicol\u00f3gica sofrida por n\u00f3s, n\u00e3o atinamos para mais nada, a n\u00e3o ser, urgentemente fazer esta tentativa. Minha m\u00e3e, que como sempre nunca desampara os filhos, deu um jeito e conseguiu fazer um empr\u00e9stimo. Mas antes de fecharmos neg\u00f3cio, conversamos novamente com o especialista (lembrem-se que eu, neste momento, s\u00f3 estava surdo do ouvido direito, neste eu n\u00e3o ouvia nada mesmo, eu ouvia perfeitamente pelo esquerdo, muito embora, o exame audiom\u00e9trico apontasse uma diminui\u00e7\u00e3o no entorno de 4%) e ele nos afirmou em bom e alto tom que o que eu havia perdido no direito, eu n\u00e3o iria recuperar com a radiocirurgia, mas a audi\u00e7\u00e3o esquerda, a qual estava supostamente intacta ainda, seria preservada, uma vez que com o tratamento \u00e0 base de radia\u00e7\u00e3o, o caro\u00e7o ou mini-tumor, n\u00e3o iria crescer, estaria morto e n\u00e3o me impediria de ouvir. L\u00f3gico que eu fiquei triste em saber que mesmo pagando todo este dinheiro, minha audi\u00e7\u00e3o direita n\u00e3o iria ser recuperada. Mas como pr\u00eamio de consolo, tinha o fato de ele ter afirmado que eu n\u00e3o perderia a do lado esquerdo e por isso tive de aceitar.<\/p>\n<p>Est\u00e1vamos novamente hospedados na casa de seu Wilson e dona Olga, os quais sempre nos demonstravam solicitude. Dentre a primeira ida \u00e0 capital, o retorno \u00e0 minha cidade, e demais idas e vindas \u00e0 capital ao dia do in\u00edcio e prepara\u00e7\u00e3o do tratamento da radiocirurgia, j\u00e1 despontava o m\u00eas de agosto, findava julho de 2014.<\/p>\n<p>Para prepara\u00e7\u00e3o do tratamento, fui levado para uma sala, eu n\u00e3o conseguia identificar exatamente o que era aquela sala. Uma mistura de leito hospitalar com uma cozinha improvisada. Algo desse tipo. L\u00e1, se encontrava uma equipe composta de m\u00e9dicos e um f\u00edsico, que depois fiquei sabendo que a participa\u00e7\u00e3o dele era primordial, visto fazer os c\u00e1lculos exatos da localiza\u00e7\u00e3o dos mini-tumores, a fim de o feixe de radia\u00e7\u00e3o incidir exatamente no local. Mas para isso foi preciso que eu fizesse uma tomografia computadorizada. (clique no link para saber mais sobre tomografia computadorizada:<a href=\"http:\/\/: https:\/\/www.tuasaude.com\/tomografia-computadorizada\/\">http:\/\/: https:\/\/www.tuasaude.com\/tomografia-computadorizada\/<\/a> ). Ainda na sala que eu n\u00e3o sabia se era cozinha ou algo do tipo, algumas pessoas, numa esp\u00e9cie de fog\u00e3o, preparavam algo. Pediram que eu me deitasse, isso me impediu de ver o que faziam e com o que faziam. Fiquei um tempo deitado esperando eles terminarem de fazer o preparo e foi quando percebi que estavam preparando uma m\u00e1scara. Isso mesmo, uma m\u00e1scara. N\u00e3o sei qual foi o material exato usado, mas ainda morna, meio quente, colocaram por sobre meu rosto (incomodou, por est\u00e1 quente) deixaram por alguns minutos ao ponto de que ela enrijecesse. Depois fiquei sabendo que a utiliza\u00e7\u00e3o desta m\u00e1scara era eficaz para ser usada na hora do procedimento radiocir\u00fargico, para prender meu rosto, a fim de que eu n\u00e3o me movimentasse, fazendo que que o feixe de radia\u00e7\u00e3o incidisse exatamente no local calculado pelo f\u00edsico. E assim foi feito e, chegou o dia de fazer o procedimento.<\/p>\n<p>A radiocirurgia era feita na ala oncol\u00f3gica e foi para l\u00e1 que fomos. Ficamos na recep\u00e7\u00e3o desta ala junto com os pacientes pr\u00f3prios de l\u00e1. Pessoas lutando por suas vidas. Pessoas de lugares diferentes, com hist\u00f3rias distintas, com sofrimentos estampados nos seus rostos, umas acompanhadas, outras sozinhas. Hoje eu consigo enxergar por outro vi\u00e9s, mas no dia, aquilo me deixava ainda mais desesperado pois, eu tinha v\u00e1rios medos e ainda n\u00e3o entendia direito o que estava acontecendo comigo. Ver outros sofrendo e n\u00e3o presenciar a vit\u00f3ria deles e somente o sofrimento, aquilo me deixava pior. Sem falar que embora o especialista dizendo que eu n\u00e3o me preocupasse com o procedimento, eu tinha medo de que doesse, de sofrer. E chegou minha vez.<\/p>\n<p>Ao contar para voc\u00eas, eu revivo os momentos, e n\u00e3o \u00e9 f\u00e1cil para mim. Mais para frente, em meus relatos, noutras abas, vou contar de minha supera\u00e7\u00e3o, mas as marcas que tudo me deixou e que embora me sirvam de trof\u00e9u, ainda s\u00e3o fortes para mim. L\u00e1, a sala muito gelada, um frio tremendo, creio ser pelo tamanho, pot\u00eancia e pol\u00edtica do uso do aparelho de radiocirurgia, o mesmo da foto no in\u00edcio dessa postagem. Fui deitado, colocaram a m\u00e1scara sobre meu rosto, foram colocando placas ao redor que no final parecia que meu rosto estava dentro de uma caixa, exatamente como na foto acima no in\u00edcio. A mesma equipe que estava no dia do preparo da m\u00e1scara, conversava e eu ouvia tudo perfeitamente, nesse dia, o procedimento estava sendo feito no ouvido que eu j\u00e1 havia perdido a audi\u00e7\u00e3o. O especialista falou comigo e ent\u00e3o, come\u00e7ou. Fiquei inerte por cerca de 20 minutos e eu n\u00e3o sentia nada, at\u00e9 parecia que n\u00e3o estava acontecendo nada. Mas devido ao meu abalo psicol\u00f3gico, aquilo para mim era uma tortura. Eu ficava impaciente, queria arrancar aquele tro\u00e7o que prendia minha cabe\u00e7a. Eu j\u00e1 estava me sentindo sufocado. Eu rezava ou pelo menos tentava. Entrava em ora\u00e7\u00e3o pedindo para que acabasse logo.<\/p>\n<p>Quando terminou, e come\u00e7aram a retirar todas as parafern\u00e1lias, era um al\u00edvio para mim. O especialista perguntou se eu sentia algo e fui verdadeiro, disse que n\u00e3o sentia nada. Fomos para a sala que minha m\u00e3e me aguardava e ele disse para n\u00f3s que se, caso mais tarde eu viesse a sentir algo, que comprasse um medicamento chamado Dexametasona 4mg (para maiores detalhes sobre este medicamento acesse: <a href=\"http:\/\/www.anvisa.gov.br\/datavisa\/fila_bula\/frmVisualizarBula.asp?pNuTransacao=10815932015&amp;pIdAnexo=2995050\">http:\/\/www.anvisa.gov.br\/datavisa\/fila_bula\/frmVisualizarBula.asp?pNuTransacao=10815932015&amp;pIdAnexo=2995050<\/a>), e seguisse um tratamento para fins anti-inflamat\u00f3rios. Ent\u00e3o retornamos para a casa da dona Olga. L\u00e1, n\u00e3o demorou muito, cerca de uma hora depois do procedimento, comecei a sentir algo. Uma dor l\u00e1 dentro do ouvido. Aquilo me incomodava, era ruim. Alarmei e minha m\u00e3e, conforme o especialista havia alertado, foi \u00e0 farm\u00e1cia mais pr\u00f3xima e comprou o medicamento. Tomei-o e fui me deitar. Naquele dia, comecei um tratamento \u00e0 base de corticoides. Eu j\u00e1 era obeso, n\u00e3o o quanto fiquei no final do tratamento, hipertenso, mas n\u00e3o foi o suficiente para que, embora sabendo disso, o especialista optasse por este medicamento.<\/p>\n<p>Como eu j\u00e1 havia perdido a audi\u00e7\u00e3o deste ouvido, a \u00fanica coisa diferente que eu senti, foi essa dor. A surdez continuava do mesmo jeito. Outro ponto que eu gostaria de destacar, foi que desde o in\u00edcio do tratamento na capital, todos os m\u00e9dicos me perguntavam se eu sentia alguma tontura. Mas eu nunca senti, pelo menos n\u00e3o no come\u00e7o. Mas dias depois desse primeiro procedimento, as tonturas come\u00e7aram a surgir, eram leves, mas eu j\u00e1 as notava.<\/p>\n<p>Um m\u00eas depois, e agora com quilos a mais pois, o corticoide estava me causando efeito colateral, de engordar, de ficar inchado, retornamos \u00e0 capital para a radiocirurgia no ouvido esquerdo, o qual minha audi\u00e7\u00e3o era o suficiente e muito embora fosse muito estranho escutar somente por l\u00e1, mas ainda era compensat\u00f3rio.<\/p>\n<p>Ent\u00e3o, fomos novamente para a ala oncol\u00f3gica do mesmo hospital, fazer o mesmo procedimento. Sobre isso, ser\u00e1 a <strong>PARTE IV<\/strong>. Convido-vos a clicarem em breve na aba PARTE IV, onde contarei o que houve realmente e que foi o in\u00edcio de um calv\u00e1rio em minha vida pois, foi a partir deste tratamento que perdi completamente a audi\u00e7\u00e3o esquerda tamb\u00e9m. Em breve postarei. Grande abra\u00e7o!<\/p>\n","protected":false},"excerpt":{"rendered":"<p>PARTE III &nbsp; Finalizei a PARTE II comentando que com 15 dias do meu retorno para minha cidade, perdi completamente a audi\u00e7\u00e3o direita e logo resolvemos retornar \u00e0 capital. Antes, minha m\u00e3e conseguiu o nome e contato de outro neurocirurgi\u00e3o. N\u00e3o fazia mais nexo algum voltarmos ao que por \u00faltimo nos atendeu pois, mesmo com &#8230; <a title=\"PARTE III\" class=\"read-more\" href=\"https:\/\/sousurdosim.com.br\/index.php\/a-surdez\/descobrindo-a-surdez-diagnostico\/parte-iii\/\" aria-label=\"Read more about PARTE III\">Read more<\/a><\/p>\n","protected":false},"author":1,"featured_media":0,"parent":197,"menu_order":2,"comment_status":"closed","ping_status":"closed","template":"","meta":{"footnotes":""},"_links":{"self":[{"href":"https:\/\/sousurdosim.com.br\/index.php\/wp-json\/wp\/v2\/pages\/264"}],"collection":[{"href":"https:\/\/sousurdosim.com.br\/index.php\/wp-json\/wp\/v2\/pages"}],"about":[{"href":"https:\/\/sousurdosim.com.br\/index.php\/wp-json\/wp\/v2\/types\/page"}],"author":[{"embeddable":true,"href":"https:\/\/sousurdosim.com.br\/index.php\/wp-json\/wp\/v2\/users\/1"}],"replies":[{"embeddable":true,"href":"https:\/\/sousurdosim.com.br\/index.php\/wp-json\/wp\/v2\/comments?post=264"}],"version-history":[{"count":6,"href":"https:\/\/sousurdosim.com.br\/index.php\/wp-json\/wp\/v2\/pages\/264\/revisions"}],"predecessor-version":[{"id":288,"href":"https:\/\/sousurdosim.com.br\/index.php\/wp-json\/wp\/v2\/pages\/264\/revisions\/288"}],"up":[{"embeddable":true,"href":"https:\/\/sousurdosim.com.br\/index.php\/wp-json\/wp\/v2\/pages\/197"}],"wp:attachment":[{"href":"https:\/\/sousurdosim.com.br\/index.php\/wp-json\/wp\/v2\/media?parent=264"}],"curies":[{"name":"wp","href":"https:\/\/api.w.org\/{rel}","templated":true}]}}