{"id":81,"date":"2018-10-20T19:55:04","date_gmt":"2018-10-20T22:55:04","guid":{"rendered":"http:\/\/sousurdosim.com.br\/?page_id=81"},"modified":"2018-10-22T16:58:02","modified_gmt":"2018-10-22T18:58:02","slug":"michel-oliveira","status":"publish","type":"page","link":"https:\/\/sousurdosim.com.br\/index.php\/michel-oliveira\/","title":{"rendered":"Michel Oliveira"},"content":{"rendered":"<p><img loading=\"lazy\" decoding=\"async\" class=\"size-medium wp-image-66 alignleft\" src=\"http:\/\/sousurdosim.com.br\/wp-content\/uploads\/2018\/10\/michel-1-245x300.jpg\" alt=\"\" width=\"245\" height=\"300\" \/>Ol\u00e1 pessoal, tudo bem? Eu me chamo Michel Oliveira, sou professor. Para mais detalhes de minha carreira profissional, deixo o link do meu lattes:\u00a0<a href=\"http:\/\/lattes.cnpq.br\/7647620136170527\">http:\/\/lattes.cnpq.br\/7647620136170527<\/a><\/p>\n<p>Sou brasileiro, natural e residente em Parna\u00edba \u2013 PI, a segunda maior cidade do estado. Nasci no dia 13 de abril do ano de 1981. Nasci ouvinte. Filho de Concei\u00e7\u00e3o de Maria de Oliveira Miranda, professora, funcion\u00e1ria p\u00fablica e, de Antonio Francisco Leite Miranda, tamb\u00e9m funcion\u00e1rio p\u00fablico. Tenho mais quatro irm\u00e3os e nenhum surdo ou D.A.<\/p>\n<p>Por ser professora, nossa m\u00e3e sempre primou por uma educa\u00e7\u00e3o de qualidade para n\u00f3s, seus filhos. Tivemos in\u00fameras oportunidades que certamente crian\u00e7as de nossa \u00e9poca e com o pouco que t\u00ednhamos, n\u00e3o teriam tido. Mas minha m\u00e3e sempre \u201cbatia o p\u00e9\u201d para que, assim como ela sempre fala: \u201cnos deixasse a maior de todas as heran\u00e7as, a educa\u00e7\u00e3o, o conhecimento. \u201d Tive a oportunidade de me formar (sou egresso do PROUNI), ser aprovado em concurso p\u00fablico, tive e tenho uma vida normal como qualquer outra pessoa. Tive vit\u00f3rias (as tenho ainda), tive derrotas, mas sempre procuro aprender com todas as situa\u00e7\u00f5es. Namorei muito e ainda namoro (rsrsrsrsrsrs), j\u00e1 fui um \u00f3timo aluno, um aluno regular, um p\u00e9ssimo aluno (pelo menos aos olhos de alguns educadores que preferiam o \u201ctotal\u201d, sem perceber a soma das \u201cparcelas\u201d) e um acad\u00eamico atento e esfor\u00e7ado, ao ponto de me render a premia\u00e7\u00e3o da L\u00e1urea Universit\u00e1ria e hoje ser aluno de mestrado. Mas algo viria a acontecer que daria uma reviravolta na minha vida que supostamente era \u201cnormal\u201d. No final do ano de 2014 fui acometido de um problema de sa\u00fade, o qual me fez perder a audi\u00e7\u00e3o e me tornar surdo bilateral.<\/p>\n<p>Nesta p\u00e1gina, \u201csousurdosim\u201d conversaremos sobre todas as situa\u00e7\u00f5es a qual fui exposto e que me fizeram o homem forte que hoje eu sou. Convido-vos a clicarem na pr\u00f3xima aba, onde um menu surgir\u00e1 e, didaticamente conversaremos. \u00d3tima leitura a todos!<\/p>\n<p>&nbsp;<\/p>\n<p>&nbsp;<\/p>\n","protected":false},"excerpt":{"rendered":"<p>Ol\u00e1 pessoal, tudo bem? Eu me chamo Michel Oliveira, sou professor. Para mais detalhes de minha carreira profissional, deixo o link do meu lattes:\u00a0http:\/\/lattes.cnpq.br\/7647620136170527 Sou brasileiro, natural e residente em Parna\u00edba \u2013 PI, a segunda maior cidade do estado. Nasci no dia 13 de abril do ano de 1981. Nasci ouvinte. Filho de Concei\u00e7\u00e3o de &#8230; <a title=\"Michel Oliveira\" class=\"read-more\" href=\"https:\/\/sousurdosim.com.br\/index.php\/michel-oliveira\/\" aria-label=\"Read more about Michel Oliveira\">Read more<\/a><\/p>\n","protected":false},"author":1,"featured_media":0,"parent":0,"menu_order":0,"comment_status":"closed","ping_status":"closed","template":"","meta":{"footnotes":""},"_links":{"self":[{"href":"https:\/\/sousurdosim.com.br\/index.php\/wp-json\/wp\/v2\/pages\/81"}],"collection":[{"href":"https:\/\/sousurdosim.com.br\/index.php\/wp-json\/wp\/v2\/pages"}],"about":[{"href":"https:\/\/sousurdosim.com.br\/index.php\/wp-json\/wp\/v2\/types\/page"}],"author":[{"embeddable":true,"href":"https:\/\/sousurdosim.com.br\/index.php\/wp-json\/wp\/v2\/users\/1"}],"replies":[{"embeddable":true,"href":"https:\/\/sousurdosim.com.br\/index.php\/wp-json\/wp\/v2\/comments?post=81"}],"version-history":[{"count":5,"href":"https:\/\/sousurdosim.com.br\/index.php\/wp-json\/wp\/v2\/pages\/81\/revisions"}],"predecessor-version":[{"id":225,"href":"https:\/\/sousurdosim.com.br\/index.php\/wp-json\/wp\/v2\/pages\/81\/revisions\/225"}],"wp:attachment":[{"href":"https:\/\/sousurdosim.com.br\/index.php\/wp-json\/wp\/v2\/media?parent=81"}],"curies":[{"name":"wp","href":"https:\/\/api.w.org\/{rel}","templated":true}]}}