{"id":86,"date":"2018-10-20T19:59:03","date_gmt":"2018-10-20T22:59:03","guid":{"rendered":"http:\/\/sousurdosim.com.br\/?page_id=86"},"modified":"2018-10-21T23:23:15","modified_gmt":"2018-10-22T01:23:15","slug":"surdos-de-sucesso","status":"publish","type":"page","link":"https:\/\/sousurdosim.com.br\/index.php\/surdos-de-sucesso\/","title":{"rendered":"Surdos de sucesso"},"content":{"rendered":"<p>Que legal! Aqui, a cada 15 dias, eu, Michel Oliveira, irei entrevistar pessoas surdas de sucesso do mundo inteiro. Surdos, D.As. implantados. Todos que podem nos mostrar hist\u00f3rias reais e encorajadoras. Voc\u00ea se considera um surdo de sucesso e quer ser entrevistado? Mande uma mensagem no FALE CONOSCO e conte sua hist\u00f3ria de sucesso. Quem sabe voc\u00ea n\u00e3o seja o pr\u00f3ximo a ser entrevistado! J\u00e1 temos nossa primeira entrevistada. Logo iremos apresentar.<\/p>\n","protected":false},"excerpt":{"rendered":"<p>Que legal! Aqui, a cada 15 dias, eu, Michel Oliveira, irei entrevistar pessoas surdas de sucesso do mundo inteiro. Surdos, D.As. implantados. Todos que podem nos mostrar hist\u00f3rias reais e encorajadoras. Voc\u00ea se considera um surdo de sucesso e quer ser entrevistado? Mande uma mensagem no FALE CONOSCO e conte sua hist\u00f3ria de sucesso. Quem &#8230; <a title=\"Surdos de sucesso\" class=\"read-more\" href=\"https:\/\/sousurdosim.com.br\/index.php\/surdos-de-sucesso\/\" aria-label=\"Read more about Surdos de sucesso\">Read more<\/a><\/p>\n","protected":false},"author":1,"featured_media":0,"parent":0,"menu_order":0,"comment_status":"closed","ping_status":"closed","template":"","meta":{"footnotes":""},"_links":{"self":[{"href":"https:\/\/sousurdosim.com.br\/index.php\/wp-json\/wp\/v2\/pages\/86"}],"collection":[{"href":"https:\/\/sousurdosim.com.br\/index.php\/wp-json\/wp\/v2\/pages"}],"about":[{"href":"https:\/\/sousurdosim.com.br\/index.php\/wp-json\/wp\/v2\/types\/page"}],"author":[{"embeddable":true,"href":"https:\/\/sousurdosim.com.br\/index.php\/wp-json\/wp\/v2\/users\/1"}],"replies":[{"embeddable":true,"href":"https:\/\/sousurdosim.com.br\/index.php\/wp-json\/wp\/v2\/comments?post=86"}],"version-history":[{"count":3,"href":"https:\/\/sousurdosim.com.br\/index.php\/wp-json\/wp\/v2\/pages\/86\/revisions"}],"predecessor-version":[{"id":194,"href":"https:\/\/sousurdosim.com.br\/index.php\/wp-json\/wp\/v2\/pages\/86\/revisions\/194"}],"wp:attachment":[{"href":"https:\/\/sousurdosim.com.br\/index.php\/wp-json\/wp\/v2\/media?parent=86"}],"curies":[{"name":"wp","href":"https:\/\/api.w.org\/{rel}","templated":true}]}}